{"id":500,"date":"2024-12-09T18:02:20","date_gmt":"2024-12-10T00:02:20","guid":{"rendered":"https:\/\/boschcarservicemartinez.com\/mtz\/?page_id=500"},"modified":"2024-12-16T15:45:58","modified_gmt":"2024-12-16T21:45:58","slug":"archivos","status":"publish","type":"page","link":"https:\/\/boschcarservicemartinez.com\/mtz\/archivos\/","title":{"rendered":"Informaci\u00f3n"},"content":{"rendered":"\t\t<div data-elementor-type=\"wp-page\" data-elementor-id=\"500\" class=\"elementor elementor-500\" data-elementor-post-type=\"page\">\n\t\t\t\t<div class=\"elementor-element elementor-element-732d612 e-flex e-con-boxed e-con e-parent\" data-id=\"732d612\" data-element_type=\"container\" data-settings=\"{&quot;background_background&quot;:&quot;classic&quot;}\">\n\t\t\t\t\t<div class=\"e-con-inner\">\n\t\t\t\t<div class=\"elementor-element elementor-element-087a605 elementor-widget elementor-widget-heading\" data-id=\"087a605\" data-element_type=\"widget\" data-widget_type=\"heading.default\">\n\t\t\t\t<div class=\"elementor-widget-container\">\n\t\t\t\t\t<h2 class=\"elementor-heading-title elementor-size-default\">INFORMACI\u00d3N<\/h2>\t\t\t\t<\/div>\n\t\t\t\t<\/div>\n\t\t<div class=\"elementor-element elementor-element-3a9c315 e-con-full e-flex e-con e-child\" data-id=\"3a9c315\" data-element_type=\"container\">\n\t\t\t\t<div class=\"elementor-element elementor-element-12b6fd8 elementor-align-center elementor-widget elementor-widget-button\" data-id=\"12b6fd8\" data-element_type=\"widget\" data-widget_type=\"button.default\">\n\t\t\t\t<div class=\"elementor-widget-container\">\n\t\t\t\t\t\t\t\t\t<div class=\"elementor-button-wrapper\">\n\t\t\t\t\t<a class=\"elementor-button elementor-button-link elementor-size-sm\" href=\"https:\/\/boschcarservicemartinez.com\/mtz\/wp-content\/uploads\/2024\/12\/Volante-AFICON.pdf\">\n\t\t\t\t\t\t<span class=\"elementor-button-content-wrapper\">\n\t\t\t\t\t\t<span class=\"elementor-button-icon\">\n\t\t\t\t<svg aria-hidden=\"true\" class=\"e-font-icon-svg e-fas-download\" viewBox=\"0 0 512 512\" xmlns=\"http:\/\/www.w3.org\/2000\/svg\"><path d=\"M216 0h80c13.3 0 24 10.7 24 24v168h87.7c17.8 0 26.7 21.5 14.1 34.1L269.7 378.3c-7.5 7.5-19.8 7.5-27.3 0L90.1 226.1c-12.6-12.6-3.7-34.1 14.1-34.1H192V24c0-13.3 10.7-24 24-24zm296 376v112c0 13.3-10.7 24-24 24H24c-13.3 0-24-10.7-24-24V376c0-13.3 10.7-24 24-24h146.7l49 49c20.1 20.1 52.5 20.1 72.6 0l49-49H488c13.3 0 24 10.7 24 24zm-124 88c0-11-9-20-20-20s-20 9-20 20 9 20 20 20 20-9 20-20zm64 0c0-11-9-20-20-20s-20 9-20 20 9 20 20 20 20-9 20-20z\"><\/path><\/svg>\t\t\t<\/span>\n\t\t\t\t\t\t\t\t\t<span class=\"elementor-button-text\">Volante AFICON<\/span>\n\t\t\t\t\t<\/span>\n\t\t\t\t\t<\/a>\n\t\t\t\t<\/div>\n\t\t\t\t\t\t\t\t<\/div>\n\t\t\t\t<\/div>\n\t\t\t\t<div class=\"elementor-element elementor-element-c1548d5 elementor-align-center elementor-widget elementor-widget-button\" data-id=\"c1548d5\" data-element_type=\"widget\" data-widget_type=\"button.default\">\n\t\t\t\t<div class=\"elementor-widget-container\">\n\t\t\t\t\t\t\t\t\t<div class=\"elementor-button-wrapper\">\n\t\t\t\t\t<a class=\"elementor-button elementor-button-link elementor-size-sm\" href=\"https:\/\/boschcarservicemartinez.com\/mtz\/wp-content\/uploads\/2024\/12\/Triptico-SAR.webp\">\n\t\t\t\t\t\t<span class=\"elementor-button-content-wrapper\">\n\t\t\t\t\t\t<span class=\"elementor-button-icon\">\n\t\t\t\t<svg aria-hidden=\"true\" class=\"e-font-icon-svg e-fas-download\" viewBox=\"0 0 512 512\" xmlns=\"http:\/\/www.w3.org\/2000\/svg\"><path d=\"M216 0h80c13.3 0 24 10.7 24 24v168h87.7c17.8 0 26.7 21.5 14.1 34.1L269.7 378.3c-7.5 7.5-19.8 7.5-27.3 0L90.1 226.1c-12.6-12.6-3.7-34.1 14.1-34.1H192V24c0-13.3 10.7-24 24-24zm296 376v112c0 13.3-10.7 24-24 24H24c-13.3 0-24-10.7-24-24V376c0-13.3 10.7-24 24-24h146.7l49 49c20.1 20.1 52.5 20.1 72.6 0l49-49H488c13.3 0 24 10.7 24 24zm-124 88c0-11-9-20-20-20s-20 9-20 20 9 20 20 20 20-9 20-20zm64 0c0-11-9-20-20-20s-20 9-20 20 9 20 20 20 20-9 20-20z\"><\/path><\/svg>\t\t\t<\/span>\n\t\t\t\t\t\t\t\t\t<span class=\"elementor-button-text\">Mantenimiento Triptico<\/span>\n\t\t\t\t\t<\/span>\n\t\t\t\t\t<\/a>\n\t\t\t\t<\/div>\n\t\t\t\t\t\t\t\t<\/div>\n\t\t\t\t<\/div>\n\t\t\t\t<div class=\"elementor-element elementor-element-56182a1 elementor-align-center elementor-widget elementor-widget-button\" data-id=\"56182a1\" data-element_type=\"widget\" data-widget_type=\"button.default\">\n\t\t\t\t<div class=\"elementor-widget-container\">\n\t\t\t\t\t\t\t\t\t<div class=\"elementor-button-wrapper\">\n\t\t\t\t\t<a class=\"elementor-button elementor-button-link elementor-size-sm\" href=\"https:\/\/boschcarservicemartinez.com\/mtz\/wp-content\/uploads\/2024\/12\/Forma-parte-de-la-red-BCS.pdf\">\n\t\t\t\t\t\t<span class=\"elementor-button-content-wrapper\">\n\t\t\t\t\t\t<span class=\"elementor-button-icon\">\n\t\t\t\t<svg aria-hidden=\"true\" class=\"e-font-icon-svg e-fas-download\" viewBox=\"0 0 512 512\" xmlns=\"http:\/\/www.w3.org\/2000\/svg\"><path d=\"M216 0h80c13.3 0 24 10.7 24 24v168h87.7c17.8 0 26.7 21.5 14.1 34.1L269.7 378.3c-7.5 7.5-19.8 7.5-27.3 0L90.1 226.1c-12.6-12.6-3.7-34.1 14.1-34.1H192V24c0-13.3 10.7-24 24-24zm296 376v112c0 13.3-10.7 24-24 24H24c-13.3 0-24-10.7-24-24V376c0-13.3 10.7-24 24-24h146.7l49 49c20.1 20.1 52.5 20.1 72.6 0l49-49H488c13.3 0 24 10.7 24 24zm-124 88c0-11-9-20-20-20s-20 9-20 20 9 20 20 20 20-9 20-20zm64 0c0-11-9-20-20-20s-20 9-20 20 9 20 20 20 20-9 20-20z\"><\/path><\/svg>\t\t\t<\/span>\n\t\t\t\t\t\t\t\t\t<span class=\"elementor-button-text\">FORMA PARTE DE LA RED DE BCS<\/span>\n\t\t\t\t\t<\/span>\n\t\t\t\t\t<\/a>\n\t\t\t\t<\/div>\n\t\t\t\t\t\t\t\t<\/div>\n\t\t\t\t<\/div>\n\t\t\t\t<div class=\"elementor-element elementor-element-24f855e elementor-align-center elementor-widget elementor-widget-button\" data-id=\"24f855e\" data-element_type=\"widget\" data-widget_type=\"button.default\">\n\t\t\t\t<div class=\"elementor-widget-container\">\n\t\t\t\t\t\t\t\t\t<div class=\"elementor-button-wrapper\">\n\t\t\t\t\t<a class=\"elementor-button elementor-button-link elementor-size-sm\" href=\"https:\/\/boschcarservicemartinez.com\/mtz\/privacy-policy\/\">\n\t\t\t\t\t\t<span class=\"elementor-button-content-wrapper\">\n\t\t\t\t\t\t<span class=\"elementor-button-icon\">\n\t\t\t\t<svg aria-hidden=\"true\" class=\"e-font-icon-svg e-fas-download\" viewBox=\"0 0 512 512\" xmlns=\"http:\/\/www.w3.org\/2000\/svg\"><path d=\"M216 0h80c13.3 0 24 10.7 24 24v168h87.7c17.8 0 26.7 21.5 14.1 34.1L269.7 378.3c-7.5 7.5-19.8 7.5-27.3 0L90.1 226.1c-12.6-12.6-3.7-34.1 14.1-34.1H192V24c0-13.3 10.7-24 24-24zm296 376v112c0 13.3-10.7 24-24 24H24c-13.3 0-24-10.7-24-24V376c0-13.3 10.7-24 24-24h146.7l49 49c20.1 20.1 52.5 20.1 72.6 0l49-49H488c13.3 0 24 10.7 24 24zm-124 88c0-11-9-20-20-20s-20 9-20 20 9 20 20 20 20-9 20-20zm64 0c0-11-9-20-20-20s-20 9-20 20 9 20 20 20 20-9 20-20z\"><\/path><\/svg>\t\t\t<\/span>\n\t\t\t\t\t\t\t\t\t<span class=\"elementor-button-text\">Aviso de Privacidad<\/span>\n\t\t\t\t\t<\/span>\n\t\t\t\t\t<\/a>\n\t\t\t\t<\/div>\n\t\t\t\t\t\t\t\t<\/div>\n\t\t\t\t<\/div>\n\t\t\t\t<\/div>\n\t\t\t\t\t<\/div>\n\t\t\t\t<\/div>\n\t\t\t\t<\/div>\n\t\t","protected":false},"excerpt":{"rendered":"<p>INFORMACI\u00d3N Volante AFICON Mantenimiento Triptico FORMA PARTE DE LA RED DE BCS Aviso de Privacidad<\/p>\n","protected":false},"author":2,"featured_media":0,"parent":0,"menu_order":0,"comment_status":"closed","ping_status":"closed","template":"","meta":{"_joinchat":[],"footnotes":""},"class_list":["post-500","page","type-page","status-publish","hentry"],"yoast_head":"<!-- This site is optimized with the Yoast SEO plugin v26.8 - https:\/\/yoast.com\/product\/yoast-seo-wordpress\/ -->\n<title>Informaci\u00f3n - Bosch Car Service Clutch y Frenos Mart\u00ednez<\/title>\n<meta name=\"robots\" content=\"index, follow, max-snippet:-1, max-image-preview:large, max-video-preview:-1\" \/>\n<link rel=\"canonical\" href=\"https:\/\/boschcarservicemartinez.com\/mtz\/archivos\/\" \/>\n<meta property=\"og:locale\" content=\"es_MX\" \/>\n<meta property=\"og:type\" content=\"article\" \/>\n<meta property=\"og:title\" content=\"Informaci\u00f3n - Bosch Car Service Clutch y Frenos Mart\u00ednez\" \/>\n<meta property=\"og:description\" content=\"INFORMACI\u00d3N Volante AFICON Mantenimiento Triptico FORMA PARTE DE LA RED DE BCS Aviso de Privacidad\" \/>\n<meta property=\"og:url\" content=\"https:\/\/boschcarservicemartinez.com\/mtz\/archivos\/\" \/>\n<meta property=\"og:site_name\" content=\"Bosch Car Service Clutch y Frenos Mart\u00ednez\" \/>\n<meta property=\"article:publisher\" content=\"https:\/\/www.facebook.com\/boschmtz\/\" \/>\n<meta property=\"article:modified_time\" content=\"2024-12-16T21:45:58+00:00\" \/>\n<meta name=\"twitter:card\" content=\"summary_large_image\" \/>\n<script type=\"application\/ld+json\" class=\"yoast-schema-graph\">{\"@context\":\"https:\/\/schema.org\",\"@graph\":[{\"@type\":\"WebPage\",\"@id\":\"https:\/\/boschcarservicemartinez.com\/mtz\/archivos\/\",\"url\":\"https:\/\/boschcarservicemartinez.com\/mtz\/archivos\/\",\"name\":\"Informaci\u00f3n - Bosch Car Service Clutch y Frenos Mart\u00ednez\",\"isPartOf\":{\"@id\":\"https:\/\/boschcarservicemartinez.com\/mtz\/#website\"},\"datePublished\":\"2024-12-10T00:02:20+00:00\",\"dateModified\":\"2024-12-16T21:45:58+00:00\",\"breadcrumb\":{\"@id\":\"https:\/\/boschcarservicemartinez.com\/mtz\/archivos\/#breadcrumb\"},\"inLanguage\":\"es\",\"potentialAction\":[{\"@type\":\"ReadAction\",\"target\":[\"https:\/\/boschcarservicemartinez.com\/mtz\/archivos\/\"]}]},{\"@type\":\"BreadcrumbList\",\"@id\":\"https:\/\/boschcarservicemartinez.com\/mtz\/archivos\/#breadcrumb\",\"itemListElement\":[{\"@type\":\"ListItem\",\"position\":1,\"name\":\"Inicio\",\"item\":\"https:\/\/boschcarservicemartinez.com\/mtz\/\"},{\"@type\":\"ListItem\",\"position\":2,\"name\":\"Informaci\u00f3n\"}]},{\"@type\":\"WebSite\",\"@id\":\"https:\/\/boschcarservicemartinez.com\/mtz\/#website\",\"url\":\"https:\/\/boschcarservicemartinez.com\/mtz\/\",\"name\":\"Bosch Car Service Clutch y Frenos Mart\u00ednez\",\"description\":\"\",\"publisher\":{\"@id\":\"https:\/\/boschcarservicemartinez.com\/mtz\/#organization\"},\"potentialAction\":[{\"@type\":\"SearchAction\",\"target\":{\"@type\":\"EntryPoint\",\"urlTemplate\":\"https:\/\/boschcarservicemartinez.com\/mtz\/?s={search_term_string}\"},\"query-input\":{\"@type\":\"PropertyValueSpecification\",\"valueRequired\":true,\"valueName\":\"search_term_string\"}}],\"inLanguage\":\"es\"},{\"@type\":\"Organization\",\"@id\":\"https:\/\/boschcarservicemartinez.com\/mtz\/#organization\",\"name\":\"Bosch Car Service Clutch y Frenos Mart\u00ednez\",\"url\":\"https:\/\/boschcarservicemartinez.com\/mtz\/\",\"logo\":{\"@type\":\"ImageObject\",\"inLanguage\":\"es\",\"@id\":\"https:\/\/boschcarservicemartinez.com\/mtz\/#\/schema\/logo\/image\/\",\"url\":\"https:\/\/boschcarservicemartinez.com\/mtz\/wp-content\/uploads\/2024\/12\/BCS_4C_48x48_14655.jpg\",\"contentUrl\":\"https:\/\/boschcarservicemartinez.com\/mtz\/wp-content\/uploads\/2024\/12\/BCS_4C_48x48_14655.jpg\",\"width\":567,\"height\":567,\"caption\":\"Bosch Car Service Clutch y Frenos Mart\u00ednez\"},\"image\":{\"@id\":\"https:\/\/boschcarservicemartinez.com\/mtz\/#\/schema\/logo\/image\/\"},\"sameAs\":[\"https:\/\/www.facebook.com\/boschmtz\/\",\"https:\/\/www.instagram.com\/bcsmtz\/\",\"https:\/\/www.waze.com\/es\/live-map\/directions\/mx\/jal.\/zapopan\/bosch-car-service-megaservicios-martinez?to=place.ChIJNVG6cWqsKIQRLe2XoR9Mxp0\",\"https:\/\/www.instagram.com\/boschnorte\/?hl=en\"]}]}<\/script>\n<!-- \/ Yoast SEO plugin. -->","yoast_head_json":{"title":"Informaci\u00f3n - Bosch Car Service Clutch y Frenos Mart\u00ednez","robots":{"index":"index","follow":"follow","max-snippet":"max-snippet:-1","max-image-preview":"max-image-preview:large","max-video-preview":"max-video-preview:-1"},"canonical":"https:\/\/boschcarservicemartinez.com\/mtz\/archivos\/","og_locale":"es_MX","og_type":"article","og_title":"Informaci\u00f3n - Bosch Car Service Clutch y Frenos Mart\u00ednez","og_description":"INFORMACI\u00d3N Volante AFICON Mantenimiento Triptico FORMA PARTE DE LA RED DE BCS Aviso de Privacidad","og_url":"https:\/\/boschcarservicemartinez.com\/mtz\/archivos\/","og_site_name":"Bosch Car Service Clutch y Frenos Mart\u00ednez","article_publisher":"https:\/\/www.facebook.com\/boschmtz\/","article_modified_time":"2024-12-16T21:45:58+00:00","twitter_card":"summary_large_image","schema":{"@context":"https:\/\/schema.org","@graph":[{"@type":"WebPage","@id":"https:\/\/boschcarservicemartinez.com\/mtz\/archivos\/","url":"https:\/\/boschcarservicemartinez.com\/mtz\/archivos\/","name":"Informaci\u00f3n - Bosch Car Service Clutch y Frenos Mart\u00ednez","isPartOf":{"@id":"https:\/\/boschcarservicemartinez.com\/mtz\/#website"},"datePublished":"2024-12-10T00:02:20+00:00","dateModified":"2024-12-16T21:45:58+00:00","breadcrumb":{"@id":"https:\/\/boschcarservicemartinez.com\/mtz\/archivos\/#breadcrumb"},"inLanguage":"es","potentialAction":[{"@type":"ReadAction","target":["https:\/\/boschcarservicemartinez.com\/mtz\/archivos\/"]}]},{"@type":"BreadcrumbList","@id":"https:\/\/boschcarservicemartinez.com\/mtz\/archivos\/#breadcrumb","itemListElement":[{"@type":"ListItem","position":1,"name":"Inicio","item":"https:\/\/boschcarservicemartinez.com\/mtz\/"},{"@type":"ListItem","position":2,"name":"Informaci\u00f3n"}]},{"@type":"WebSite","@id":"https:\/\/boschcarservicemartinez.com\/mtz\/#website","url":"https:\/\/boschcarservicemartinez.com\/mtz\/","name":"Bosch Car Service Clutch y Frenos Mart\u00ednez","description":"","publisher":{"@id":"https:\/\/boschcarservicemartinez.com\/mtz\/#organization"},"potentialAction":[{"@type":"SearchAction","target":{"@type":"EntryPoint","urlTemplate":"https:\/\/boschcarservicemartinez.com\/mtz\/?s={search_term_string}"},"query-input":{"@type":"PropertyValueSpecification","valueRequired":true,"valueName":"search_term_string"}}],"inLanguage":"es"},{"@type":"Organization","@id":"https:\/\/boschcarservicemartinez.com\/mtz\/#organization","name":"Bosch Car Service Clutch y Frenos Mart\u00ednez","url":"https:\/\/boschcarservicemartinez.com\/mtz\/","logo":{"@type":"ImageObject","inLanguage":"es","@id":"https:\/\/boschcarservicemartinez.com\/mtz\/#\/schema\/logo\/image\/","url":"https:\/\/boschcarservicemartinez.com\/mtz\/wp-content\/uploads\/2024\/12\/BCS_4C_48x48_14655.jpg","contentUrl":"https:\/\/boschcarservicemartinez.com\/mtz\/wp-content\/uploads\/2024\/12\/BCS_4C_48x48_14655.jpg","width":567,"height":567,"caption":"Bosch Car Service Clutch y Frenos Mart\u00ednez"},"image":{"@id":"https:\/\/boschcarservicemartinez.com\/mtz\/#\/schema\/logo\/image\/"},"sameAs":["https:\/\/www.facebook.com\/boschmtz\/","https:\/\/www.instagram.com\/bcsmtz\/","https:\/\/www.waze.com\/es\/live-map\/directions\/mx\/jal.\/zapopan\/bosch-car-service-megaservicios-martinez?to=place.ChIJNVG6cWqsKIQRLe2XoR9Mxp0","https:\/\/www.instagram.com\/boschnorte\/?hl=en"]}]}},"_links":{"self":[{"href":"https:\/\/boschcarservicemartinez.com\/mtz\/wp-json\/wp\/v2\/pages\/500","targetHints":{"allow":["GET"]}}],"collection":[{"href":"https:\/\/boschcarservicemartinez.com\/mtz\/wp-json\/wp\/v2\/pages"}],"about":[{"href":"https:\/\/boschcarservicemartinez.com\/mtz\/wp-json\/wp\/v2\/types\/page"}],"author":[{"embeddable":true,"href":"https:\/\/boschcarservicemartinez.com\/mtz\/wp-json\/wp\/v2\/users\/2"}],"replies":[{"embeddable":true,"href":"https:\/\/boschcarservicemartinez.com\/mtz\/wp-json\/wp\/v2\/comments?post=500"}],"version-history":[{"count":43,"href":"https:\/\/boschcarservicemartinez.com\/mtz\/wp-json\/wp\/v2\/pages\/500\/revisions"}],"predecessor-version":[{"id":1009,"href":"https:\/\/boschcarservicemartinez.com\/mtz\/wp-json\/wp\/v2\/pages\/500\/revisions\/1009"}],"wp:attachment":[{"href":"https:\/\/boschcarservicemartinez.com\/mtz\/wp-json\/wp\/v2\/media?parent=500"}],"curies":[{"name":"wp","href":"https:\/\/api.w.org\/{rel}","templated":true}]}}