{"id":21,"date":"2024-12-03T17:11:46","date_gmt":"2024-12-03T17:11:46","guid":{"rendered":"https:\/\/boschcarservicemartinez.com\/mtz\/?page_id=21"},"modified":"2026-01-21T08:00:48","modified_gmt":"2026-01-21T14:00:48","slug":"contactanos","status":"publish","type":"page","link":"https:\/\/boschcarservicemartinez.com\/mtz\/contactanos\/","title":{"rendered":"Cont\u00e1ctanos"},"content":{"rendered":"\t\t<div data-elementor-type=\"wp-page\" data-elementor-id=\"21\" class=\"elementor elementor-21\" data-elementor-post-type=\"page\">\n\t\t\t\t<div class=\"elementor-element elementor-element-1516b7c e-flex e-con-boxed e-con e-parent\" data-id=\"1516b7c\" data-element_type=\"container\" data-settings=\"{&quot;background_background&quot;:&quot;video&quot;,&quot;background_video_link&quot;:&quot;https:\\\/\\\/www.youtube.com\\\/watch?v=xCUvgobojHE&amp;pp=ygURYm9zY2ggY2FyIHNlcnZpY2U%3D&quot;,&quot;background_video_start&quot;:4,&quot;background_video_end&quot;:121}\">\n\t\t\t\t\t<div class=\"e-con-inner\">\n\t\t<div class=\"elementor-background-video-container elementor-hidden-mobile\" aria-hidden=\"true\">\n\t\t\t\t\t\t\t<div class=\"elementor-background-video-embed\"><\/div>\n\t\t\t\t\t\t<\/div>\t\t\t<\/div>\n\t\t\t\t<\/div>\n\t\t<div class=\"elementor-element elementor-element-4d46c93 e-flex e-con-boxed e-con e-parent\" data-id=\"4d46c93\" data-element_type=\"container\" data-settings=\"{&quot;background_background&quot;:&quot;classic&quot;}\">\n\t\t\t\t\t<div class=\"e-con-inner\">\n\t\t<div class=\"elementor-element elementor-element-ee7172c e-con-full e-flex e-con e-child\" data-id=\"ee7172c\" data-element_type=\"container\">\n\t\t\t\t<div class=\"elementor-element elementor-element-f616b8a elementor-widget elementor-widget-heading\" data-id=\"f616b8a\" data-element_type=\"widget\" data-widget_type=\"heading.default\">\n\t\t\t\t<div class=\"elementor-widget-container\">\n\t\t\t\t\t<h2 class=\"elementor-heading-title elementor-size-default\">CONT\u00c1CTANOS<\/h2>\t\t\t\t<\/div>\n\t\t\t\t<\/div>\n\t\t\t\t<\/div>\n\t\t\t\t\t<\/div>\n\t\t\t\t<\/div>\n\t\t<div class=\"elementor-element elementor-element-76fb318 e-flex e-con-boxed e-con e-parent\" data-id=\"76fb318\" data-element_type=\"container\">\n\t\t\t\t\t<div class=\"e-con-inner\">\n\t\t\t\t<div class=\"elementor-element elementor-element-834e9eb elementor-button-align-center elementor-widget elementor-widget-form\" data-id=\"834e9eb\" data-element_type=\"widget\" data-settings=\"{&quot;step_next_label&quot;:&quot;Next&quot;,&quot;step_previous_label&quot;:&quot;Previous&quot;,&quot;button_width&quot;:&quot;100&quot;,&quot;step_type&quot;:&quot;number_text&quot;,&quot;step_icon_shape&quot;:&quot;circle&quot;}\" data-widget_type=\"form.default\">\n\t\t\t\t<div class=\"elementor-widget-container\">\n\t\t\t\t\t\t\t<form class=\"elementor-form\" method=\"post\" name=\"New Form\" aria-label=\"New Form\">\n\t\t\t<input type=\"hidden\" name=\"post_id\" value=\"21\"\/>\n\t\t\t<input type=\"hidden\" name=\"form_id\" value=\"834e9eb\"\/>\n\t\t\t<input type=\"hidden\" name=\"referer_title\" value=\"Bosch Car Service Clutch y Frenos Mart\u00ednez\" \/>\n\n\t\t\t\n\t\t\t<div class=\"elementor-form-fields-wrapper elementor-labels-above\">\n\t\t\t\t\t\t\t\t<div class=\"elementor-field-type-text elementor-field-group elementor-column elementor-field-group-name elementor-col-100 elementor-field-required elementor-mark-required\">\n\t\t\t\t\t\t\t\t\t\t\t\t<label for=\"form-field-name\" class=\"elementor-field-label\">\n\t\t\t\t\t\t\t\tNombre\t\t\t\t\t\t\t<\/label>\n\t\t\t\t\t\t\t\t\t\t\t\t\t\t<input size=\"1\" type=\"text\" name=\"form_fields[name]\" id=\"form-field-name\" class=\"elementor-field elementor-size-md  elementor-field-textual\" required=\"required\">\n\t\t\t\t\t\t\t\t\t\t\t<\/div>\n\t\t\t\t\t\t\t\t<div class=\"elementor-field-type-tel elementor-field-group elementor-column elementor-field-group-field_d9d88b8 elementor-col-100 elementor-field-required elementor-mark-required\">\n\t\t\t\t\t\t\t\t\t\t\t\t<label for=\"form-field-field_d9d88b8\" class=\"elementor-field-label\">\n\t\t\t\t\t\t\t\tTel\u00e9fono\t\t\t\t\t\t\t<\/label>\n\t\t\t\t\t\t\t\t<input size=\"1\" type=\"tel\" name=\"form_fields[field_d9d88b8]\" id=\"form-field-field_d9d88b8\" class=\"elementor-field elementor-size-md  elementor-field-textual\" required=\"required\" pattern=\"[0-9()#&amp;+*-=.]+\" title=\"Only numbers and phone characters (#, -, *, etc) are accepted.\">\n\n\t\t\t\t\t\t<\/div>\n\t\t\t\t\t\t\t\t<div class=\"elementor-field-type-email elementor-field-group elementor-column elementor-field-group-email elementor-col-100 elementor-field-required elementor-mark-required\">\n\t\t\t\t\t\t\t\t\t\t\t\t<label for=\"form-field-email\" class=\"elementor-field-label\">\n\t\t\t\t\t\t\t\tCorreo\t\t\t\t\t\t\t<\/label>\n\t\t\t\t\t\t\t\t\t\t\t\t\t\t<input size=\"1\" type=\"email\" name=\"form_fields[email]\" id=\"form-field-email\" class=\"elementor-field elementor-size-md  elementor-field-textual\" required=\"required\">\n\t\t\t\t\t\t\t\t\t\t\t<\/div>\n\t\t\t\t\t\t\t\t<div class=\"elementor-field-type-select elementor-field-group elementor-column elementor-field-group-field_c4d91ce elementor-col-100 elementor-field-required elementor-mark-required\">\n\t\t\t\t\t\t\t\t\t\t\t\t<label for=\"form-field-field_c4d91ce\" class=\"elementor-field-label\">\n\t\t\t\t\t\t\t\tDeseo cotizar\t\t\t\t\t\t\t<\/label>\n\t\t\t\t\t\t\t\t<div class=\"elementor-field elementor-select-wrapper remove-before \">\n\t\t\t<div class=\"select-caret-down-wrapper\">\n\t\t\t\t<svg aria-hidden=\"true\" class=\"e-font-icon-svg e-eicon-caret-down\" viewBox=\"0 0 571.4 571.4\" xmlns=\"http:\/\/www.w3.org\/2000\/svg\"><path d=\"M571 393Q571 407 561 418L311 668Q300 679 286 679T261 668L11 418Q0 407 0 393T11 368 36 357H536Q550 357 561 368T571 393Z\"><\/path><\/svg>\t\t\t<\/div>\n\t\t\t<select name=\"form_fields[field_c4d91ce]\" id=\"form-field-field_c4d91ce\" class=\"elementor-field-textual elementor-size-md\" required=\"required\">\n\t\t\t\t\t\t\t\t\t<option value=\"- Mantenimiento Preventivo\">- Mantenimiento Preventivo<\/option>\n\t\t\t\t\t\t\t\t\t<option value=\"- Inspecci\u00f3n de Seguridad\">- Inspecci\u00f3n de Seguridad<\/option>\n\t\t\t\t\t\t\t\t\t<option value=\"- Frenos Mantenimiento\">- Frenos Mantenimiento<\/option>\n\t\t\t\t\t\t\t\t\t<option value=\"- Diagn\u00f3stico Especializado\">- Diagn\u00f3stico Especializado<\/option>\n\t\t\t\t\t\t\t\t\t<option value=\"- Sistema El\u00e9ctrico An\u00e1lisis\">- Sistema El\u00e9ctrico An\u00e1lisis<\/option>\n\t\t\t\t\t\t\t\t\t<option value=\"- Servicio a la Rueda\">- Servicio a la Rueda<\/option>\n\t\t\t\t\t\t\t\t\t<option value=\"- Otro\">- Otro<\/option>\n\t\t\t\t\t\t\t<\/select>\n\t\t<\/div>\n\t\t\t\t\t\t<\/div>\n\t\t\t\t\t\t\t\t<div class=\"elementor-field-type-textarea elementor-field-group elementor-column elementor-field-group-message elementor-col-100\">\n\t\t\t\t\t\t\t\t\t\t\t\t<label for=\"form-field-message\" class=\"elementor-field-label\">\n\t\t\t\t\t\t\t\tMensaje\t\t\t\t\t\t\t<\/label>\n\t\t\t\t\t\t<textarea class=\"elementor-field-textual elementor-field  elementor-size-md\" name=\"form_fields[message]\" id=\"form-field-message\" rows=\"4\"><\/textarea>\t\t\t\t<\/div>\n\t\t\t\t\t\t\t\t<div class=\"elementor-field-type-recaptcha_v3 elementor-field-group elementor-column elementor-field-group-field_19d9608 elementor-col-100 recaptcha_v3-bottomright\">\n\t\t\t\t\t<div class=\"elementor-field\" id=\"form-field-field_19d9608\"><div class=\"elementor-g-recaptcha\" data-sitekey=\"6LcV2lEsAAAAAGXtcCPRBjnCaZwlmvIRYAUvrCI5\" data-type=\"v3\" data-action=\"Form\" data-badge=\"bottomright\" data-size=\"invisible\"><\/div><\/div>\t\t\t\t<\/div>\n\t\t\t\t\t\t\t\t<div class=\"elementor-field-group elementor-column elementor-field-type-submit elementor-col-100 e-form__buttons\">\n\t\t\t\t\t<button class=\"elementor-button elementor-size-md\" type=\"submit\">\n\t\t\t\t\t\t<span class=\"elementor-button-content-wrapper\">\n\t\t\t\t\t\t\t\t\t\t\t\t\t\t\t\t\t\t\t\t\t\t<span class=\"elementor-button-text\">Enviar<\/span>\n\t\t\t\t\t\t\t\t\t\t\t\t\t<\/span>\n\t\t\t\t\t<\/button>\n\t\t\t\t<\/div>\n\t\t\t<\/div>\n\t\t<\/form>\n\t\t\t\t\t\t<\/div>\n\t\t\t\t<\/div>\n\t\t\t\t\t<\/div>\n\t\t\t\t<\/div>\n\t\t\t\t<\/div>\n\t\t","protected":false},"excerpt":{"rendered":"<p>CONT\u00c1CTANOS<\/p>\n","protected":false},"author":2,"featured_media":0,"parent":0,"menu_order":0,"comment_status":"closed","ping_status":"closed","template":"","meta":{"_joinchat":[],"footnotes":""},"class_list":["post-21","page","type-page","status-publish","hentry"],"yoast_head":"<!-- This site is optimized with the Yoast SEO plugin v26.8 - https:\/\/yoast.com\/product\/yoast-seo-wordpress\/ -->\n<title>Cont\u00e1ctanos - Bosch Car Service Clutch y Frenos Mart\u00ednez<\/title>\n<meta name=\"robots\" content=\"index, follow, max-snippet:-1, max-image-preview:large, max-video-preview:-1\" \/>\n<link rel=\"canonical\" href=\"https:\/\/boschcarservicemartinez.com\/mtz\/contactanos\/\" \/>\n<meta property=\"og:locale\" content=\"es_MX\" \/>\n<meta property=\"og:type\" content=\"article\" \/>\n<meta property=\"og:title\" content=\"Cont\u00e1ctanos - Bosch Car Service Clutch y Frenos Mart\u00ednez\" \/>\n<meta property=\"og:description\" content=\"CONT\u00c1CTANOS\" \/>\n<meta property=\"og:url\" content=\"https:\/\/boschcarservicemartinez.com\/mtz\/contactanos\/\" \/>\n<meta property=\"og:site_name\" content=\"Bosch Car Service Clutch y Frenos Mart\u00ednez\" \/>\n<meta property=\"article:publisher\" content=\"https:\/\/www.facebook.com\/boschmtz\/\" \/>\n<meta property=\"article:modified_time\" content=\"2026-01-21T14:00:48+00:00\" \/>\n<meta name=\"twitter:card\" content=\"summary_large_image\" \/>\n<meta name=\"twitter:label1\" content=\"Tiempo de lectura\" \/>\n\t<meta name=\"twitter:data1\" content=\"1 minuto\" \/>\n<script type=\"application\/ld+json\" class=\"yoast-schema-graph\">{\"@context\":\"https:\/\/schema.org\",\"@graph\":[{\"@type\":\"WebPage\",\"@id\":\"https:\/\/boschcarservicemartinez.com\/mtz\/contactanos\/\",\"url\":\"https:\/\/boschcarservicemartinez.com\/mtz\/contactanos\/\",\"name\":\"Cont\u00e1ctanos - Bosch Car Service Clutch y Frenos Mart\u00ednez\",\"isPartOf\":{\"@id\":\"https:\/\/boschcarservicemartinez.com\/mtz\/#website\"},\"datePublished\":\"2024-12-03T17:11:46+00:00\",\"dateModified\":\"2026-01-21T14:00:48+00:00\",\"breadcrumb\":{\"@id\":\"https:\/\/boschcarservicemartinez.com\/mtz\/contactanos\/#breadcrumb\"},\"inLanguage\":\"es\",\"potentialAction\":[{\"@type\":\"ReadAction\",\"target\":[\"https:\/\/boschcarservicemartinez.com\/mtz\/contactanos\/\"]}]},{\"@type\":\"BreadcrumbList\",\"@id\":\"https:\/\/boschcarservicemartinez.com\/mtz\/contactanos\/#breadcrumb\",\"itemListElement\":[{\"@type\":\"ListItem\",\"position\":1,\"name\":\"Inicio\",\"item\":\"https:\/\/boschcarservicemartinez.com\/mtz\/\"},{\"@type\":\"ListItem\",\"position\":2,\"name\":\"Cont\u00e1ctanos\"}]},{\"@type\":\"WebSite\",\"@id\":\"https:\/\/boschcarservicemartinez.com\/mtz\/#website\",\"url\":\"https:\/\/boschcarservicemartinez.com\/mtz\/\",\"name\":\"Bosch Car Service Clutch y Frenos Mart\u00ednez\",\"description\":\"\",\"publisher\":{\"@id\":\"https:\/\/boschcarservicemartinez.com\/mtz\/#organization\"},\"potentialAction\":[{\"@type\":\"SearchAction\",\"target\":{\"@type\":\"EntryPoint\",\"urlTemplate\":\"https:\/\/boschcarservicemartinez.com\/mtz\/?s={search_term_string}\"},\"query-input\":{\"@type\":\"PropertyValueSpecification\",\"valueRequired\":true,\"valueName\":\"search_term_string\"}}],\"inLanguage\":\"es\"},{\"@type\":\"Organization\",\"@id\":\"https:\/\/boschcarservicemartinez.com\/mtz\/#organization\",\"name\":\"Bosch Car Service Clutch y Frenos Mart\u00ednez\",\"url\":\"https:\/\/boschcarservicemartinez.com\/mtz\/\",\"logo\":{\"@type\":\"ImageObject\",\"inLanguage\":\"es\",\"@id\":\"https:\/\/boschcarservicemartinez.com\/mtz\/#\/schema\/logo\/image\/\",\"url\":\"https:\/\/boschcarservicemartinez.com\/mtz\/wp-content\/uploads\/2024\/12\/BCS_4C_48x48_14655.jpg\",\"contentUrl\":\"https:\/\/boschcarservicemartinez.com\/mtz\/wp-content\/uploads\/2024\/12\/BCS_4C_48x48_14655.jpg\",\"width\":567,\"height\":567,\"caption\":\"Bosch Car Service Clutch y Frenos Mart\u00ednez\"},\"image\":{\"@id\":\"https:\/\/boschcarservicemartinez.com\/mtz\/#\/schema\/logo\/image\/\"},\"sameAs\":[\"https:\/\/www.facebook.com\/boschmtz\/\",\"https:\/\/www.instagram.com\/bcsmtz\/\",\"https:\/\/www.waze.com\/es\/live-map\/directions\/mx\/jal.\/zapopan\/bosch-car-service-megaservicios-martinez?to=place.ChIJNVG6cWqsKIQRLe2XoR9Mxp0\",\"https:\/\/www.instagram.com\/boschnorte\/?hl=en\"]}]}<\/script>\n<!-- \/ Yoast SEO plugin. -->","yoast_head_json":{"title":"Cont\u00e1ctanos - Bosch Car Service Clutch y Frenos Mart\u00ednez","robots":{"index":"index","follow":"follow","max-snippet":"max-snippet:-1","max-image-preview":"max-image-preview:large","max-video-preview":"max-video-preview:-1"},"canonical":"https:\/\/boschcarservicemartinez.com\/mtz\/contactanos\/","og_locale":"es_MX","og_type":"article","og_title":"Cont\u00e1ctanos - Bosch Car Service Clutch y Frenos Mart\u00ednez","og_description":"CONT\u00c1CTANOS","og_url":"https:\/\/boschcarservicemartinez.com\/mtz\/contactanos\/","og_site_name":"Bosch Car Service Clutch y Frenos Mart\u00ednez","article_publisher":"https:\/\/www.facebook.com\/boschmtz\/","article_modified_time":"2026-01-21T14:00:48+00:00","twitter_card":"summary_large_image","twitter_misc":{"Tiempo de lectura":"1 minuto"},"schema":{"@context":"https:\/\/schema.org","@graph":[{"@type":"WebPage","@id":"https:\/\/boschcarservicemartinez.com\/mtz\/contactanos\/","url":"https:\/\/boschcarservicemartinez.com\/mtz\/contactanos\/","name":"Cont\u00e1ctanos - Bosch Car Service Clutch y Frenos Mart\u00ednez","isPartOf":{"@id":"https:\/\/boschcarservicemartinez.com\/mtz\/#website"},"datePublished":"2024-12-03T17:11:46+00:00","dateModified":"2026-01-21T14:00:48+00:00","breadcrumb":{"@id":"https:\/\/boschcarservicemartinez.com\/mtz\/contactanos\/#breadcrumb"},"inLanguage":"es","potentialAction":[{"@type":"ReadAction","target":["https:\/\/boschcarservicemartinez.com\/mtz\/contactanos\/"]}]},{"@type":"BreadcrumbList","@id":"https:\/\/boschcarservicemartinez.com\/mtz\/contactanos\/#breadcrumb","itemListElement":[{"@type":"ListItem","position":1,"name":"Inicio","item":"https:\/\/boschcarservicemartinez.com\/mtz\/"},{"@type":"ListItem","position":2,"name":"Cont\u00e1ctanos"}]},{"@type":"WebSite","@id":"https:\/\/boschcarservicemartinez.com\/mtz\/#website","url":"https:\/\/boschcarservicemartinez.com\/mtz\/","name":"Bosch Car Service Clutch y Frenos Mart\u00ednez","description":"","publisher":{"@id":"https:\/\/boschcarservicemartinez.com\/mtz\/#organization"},"potentialAction":[{"@type":"SearchAction","target":{"@type":"EntryPoint","urlTemplate":"https:\/\/boschcarservicemartinez.com\/mtz\/?s={search_term_string}"},"query-input":{"@type":"PropertyValueSpecification","valueRequired":true,"valueName":"search_term_string"}}],"inLanguage":"es"},{"@type":"Organization","@id":"https:\/\/boschcarservicemartinez.com\/mtz\/#organization","name":"Bosch Car Service Clutch y Frenos Mart\u00ednez","url":"https:\/\/boschcarservicemartinez.com\/mtz\/","logo":{"@type":"ImageObject","inLanguage":"es","@id":"https:\/\/boschcarservicemartinez.com\/mtz\/#\/schema\/logo\/image\/","url":"https:\/\/boschcarservicemartinez.com\/mtz\/wp-content\/uploads\/2024\/12\/BCS_4C_48x48_14655.jpg","contentUrl":"https:\/\/boschcarservicemartinez.com\/mtz\/wp-content\/uploads\/2024\/12\/BCS_4C_48x48_14655.jpg","width":567,"height":567,"caption":"Bosch Car Service Clutch y Frenos Mart\u00ednez"},"image":{"@id":"https:\/\/boschcarservicemartinez.com\/mtz\/#\/schema\/logo\/image\/"},"sameAs":["https:\/\/www.facebook.com\/boschmtz\/","https:\/\/www.instagram.com\/bcsmtz\/","https:\/\/www.waze.com\/es\/live-map\/directions\/mx\/jal.\/zapopan\/bosch-car-service-megaservicios-martinez?to=place.ChIJNVG6cWqsKIQRLe2XoR9Mxp0","https:\/\/www.instagram.com\/boschnorte\/?hl=en"]}]}},"_links":{"self":[{"href":"https:\/\/boschcarservicemartinez.com\/mtz\/wp-json\/wp\/v2\/pages\/21","targetHints":{"allow":["GET"]}}],"collection":[{"href":"https:\/\/boschcarservicemartinez.com\/mtz\/wp-json\/wp\/v2\/pages"}],"about":[{"href":"https:\/\/boschcarservicemartinez.com\/mtz\/wp-json\/wp\/v2\/types\/page"}],"author":[{"embeddable":true,"href":"https:\/\/boschcarservicemartinez.com\/mtz\/wp-json\/wp\/v2\/users\/2"}],"replies":[{"embeddable":true,"href":"https:\/\/boschcarservicemartinez.com\/mtz\/wp-json\/wp\/v2\/comments?post=21"}],"version-history":[{"count":101,"href":"https:\/\/boschcarservicemartinez.com\/mtz\/wp-json\/wp\/v2\/pages\/21\/revisions"}],"predecessor-version":[{"id":1250,"href":"https:\/\/boschcarservicemartinez.com\/mtz\/wp-json\/wp\/v2\/pages\/21\/revisions\/1250"}],"wp:attachment":[{"href":"https:\/\/boschcarservicemartinez.com\/mtz\/wp-json\/wp\/v2\/media?parent=21"}],"curies":[{"name":"wp","href":"https:\/\/api.w.org\/{rel}","templated":true}]}}